{"id":1160,"date":"2024-03-20T10:22:27","date_gmt":"2024-03-20T09:22:27","guid":{"rendered":"https:\/\/cafe-kreuzzwerg.de\/kontakt\/"},"modified":"2024-08-06T12:11:09","modified_gmt":"2024-08-06T10:11:09","slug":"kontakt","status":"publish","type":"page","link":"https:\/\/cafe-kreuzzwerg.de\/en\/kontakt\/","title":{"rendered":"Contact us"},"content":{"rendered":"\n<ul class=\"wp-block-list\">\n<li class=\"dripicons-checkmark-phone\"><strong>Telephone number:&nbsp;&nbsp;<\/strong><a href=\"tel:+4917630427791\">+49-17630427791<\/a><\/li>\n\n\n\n<li class=\"dripicons-checkmark-mail\"><strong>Email address:&nbsp;&nbsp;<\/strong>kontakt@cafe-kreuzzwerg.de<\/li>\n<\/ul>\n\n\n\n<div class=\"wp-block-group has-border-color has-vivid-cyan-blue-border-color has-background is-layout-flow wp-block-group-is-layout-flow\" style=\"border-width:1px;background-color:#edfafcad;padding-top:var(--wp--preset--spacing--30);padding-right:var(--wp--preset--spacing--30);padding-bottom:var(--wp--preset--spacing--30);padding-left:var(--wp--preset--spacing--30)\">\n<h3 class=\"wp-block-heading has-text-align-left\">Frequently Asked Questions<\/h3>\n\n\n\n<button class=\"accordion\">What are your opening hours?<\/button>\n<div class=\"contactinfoarea\">\n<p>We also rent out the children&#8217;s caf\u00e9 to <strong>private parties<\/strong>. Therefore, it can unfortunately happen that we are closed from time to time. You can always find our <a href=\"\/en\/#oeffungszeiten-kreuzzwerg\" title=\"Current opening hours Kindercaf\u00e9 Kreuzzwerg\">current opening hours<\/a> here on the homepage or in the <a href=\"https:\/\/www.google.com\/search?client=firefox-b-d&amp;q=kindercafe+kreuzzwerg#loh=true\" title=\"Current opening hours Kindercaf\u00e9 Kreuzzwerg on Google\" target=\"_blank\" rel=\"noopener\">description on Google<\/a>. Thank you very much for your understanding.<\/p><\/div>\n\n<button class=\"accordion\">When is it not so crowded at the children\u2018s caf\u00e9 Kreuzzwerg? When are your peak times?<\/button>\n<div class=\"contactinfoarea\">\n<p>Experience has shown that the children\u2019s caf\u00e9 Kreuzzwerg is quite busy in winter. <strong>During the week<\/strong>, we can almost always find a table for you. Monday to Friday <strong>mornings<\/strong> are of course the quietest \u2013 before most of the children come home from kindergarten or school. We are looking forward to your visit!<\/p><\/div>\n\n<button class=\"accordion\">Can I bring my own food?<\/button>\n<div class=\"contactinfoarea\">\n<p>As restaurateurs, we <strong>are dependent on the sale of our food and drinks<\/strong>. Therefore, we kindly ask for your understanding that we cannot allow you to <strong>bring your own food and drinks<\/strong>. Thank you for your support!<\/p><\/div>\n\n<button class=\"accordion\">Is it possible to make reservations at Kreuzzwerg?<\/button>\n<div class=\"contactinfoarea\">\n<p>Unfortunately, we cannot reserve individual tables. If there are <strong>more than 10 people<\/strong>, please contact us in advance via <strong>contact form<\/strong> or by <strong>phone<\/strong>. We can offer you a <strong>reservation <\/strong> as part of a <a href=\"\/en\/breakfast-with-children-berlin-kreuzberg\/\" title=\"family breakfast in Kindercaf\u00e9 Kreuzzwerg\">family breakfast<\/a>, a <a href=\"\/en\/childrens-birthdays-berlin-kreuzberg\/\" title=\"Birthday party in Kindercaf\u00e9 Kreuzzwerg\">children\u2019s birthday party<\/a> or a <a href=\"\/en\/childrens-birthdays-berlin-kreuzberg\/#more-exclusivity-thanks-to-a-private-event\" title=\"Private event in Kindercaf\u00e9 Kreuzzwerg\">private event<\/a>.<\/p><\/div>\n\n<button class=\"accordion\">Can I park a pram in the caf\u00e9?<\/button>\n<div class=\"contactinfoarea\">\n<p>We kindly ask you to park your prams, bicycles, running bikes etc. <strong>in front of the caf\u00e9<\/strong>. There is an <strong>important reason<\/strong> for that: prams would block the paths in the caf\u00e9. Doing so would pose a risk of injury to the children playing and running around. Of course, we want to avoid that.<\/p>\n\n<p>Since the founding of the children\u2019s caf\u00e9 Kreuzzwerg, so far every pram has stayed in front of the caf\u00e9. Depending on where you sit in the caf\u00e9, you can keep an eye on your pram through our windows. If necessary, you can also secure the pram with a lock.<\/p>\n\n<p>We hope that the children\u2019s caf\u00e9 Kreuzzwerg is a lovely place for all our guests, young and old, to enjoy their time and play. Thank you for your understanding and support!<\/p><\/div>\n\n<button class=\"accordion\">Can I bring dogs into the caf\u00e9?<\/button>\n<div class=\"contactinfoarea\">\n<p>We kindly ask you <strong>not to bring dogs<\/strong>. There are <strong>important reasons<\/strong> for that: On the one hand, the stay would probably be very stressful for your four-legged darlings. The children\u2019s caf\u00e9 is loud and busy. Many people are present who are strangers to your dogs.<\/p>\n\n<p>On the other hand, it could be that guests are allergic to dog hair. Some guests may also be afraid of dogs. Therefore, we kindly ask you not to bring your furry friends with you. Thank you for your support!<\/p><\/div>\n\n<button class=\"accordion\">Can I pay by EC card?<\/button>\n<div class=\"contactinfoarea\">\n<p>Unfortunately, payment by EC card is <strong>not possible<\/strong>. Only payment <strong>in cash<\/strong> is possible.<\/p><\/div>\n\n\n\n<hr class=\"wp-block-separator has-text-color has-vivid-cyan-blue-color has-alpha-channel-opacity has-vivid-cyan-blue-background-color has-background is-style-wide\"\/>\n<\/div>\n\n\n\n<div class=\"wp-block-group has-background is-layout-flow wp-block-group-is-layout-flow\" style=\"background-color:#fff7e3;padding-top:var(--wp--preset--spacing--30);padding-right:var(--wp--preset--spacing--10);padding-bottom:var(--wp--preset--spacing--30);padding-left:var(--wp--preset--spacing--10)\">\n<h2 class=\"wp-block-heading\">Contact Form<\/h2>\n\n\n\n<div class=\"wp-block-contact-form-7-contact-form-selector\">\n<div class=\"wpcf7 no-js\" id=\"wpcf7-f1394-o1\" lang=\"en-US\" dir=\"ltr\" data-wpcf7-id=\"1394\">\n<div class=\"screen-reader-response\"><p role=\"status\" aria-live=\"polite\" aria-atomic=\"true\"><\/p> <ul><\/ul><\/div>\n<form action=\"\/en\/wp-json\/wp\/v2\/pages\/1160#wpcf7-f1394-o1\" method=\"post\" class=\"wpcf7-form init\" aria-label=\"Contact form\" novalidate=\"novalidate\" data-status=\"init\">\n<fieldset class=\"hidden-fields-container\"><input type=\"hidden\" name=\"_wpcf7\" value=\"1394\" \/><input type=\"hidden\" name=\"_wpcf7_version\" value=\"6.1.5\" \/><input type=\"hidden\" name=\"_wpcf7_locale\" value=\"en_US\" \/><input type=\"hidden\" name=\"_wpcf7_unit_tag\" value=\"wpcf7-f1394-o1\" \/><input type=\"hidden\" name=\"_wpcf7_container_post\" value=\"0\" \/><input type=\"hidden\" name=\"_wpcf7_posted_data_hash\" value=\"\" \/>\n<\/fieldset>\n<p>First name<br \/>\n<span class=\"wpcf7-form-control-wrap\" data-name=\"firstname\"><input size=\"40\" maxlength=\"400\" class=\"wpcf7-form-control wpcf7-text\" aria-invalid=\"false\" value=\"\" type=\"text\" name=\"firstname\" \/><\/span>\n<\/p>\n<p>Last name<br \/>\n<span class=\"wpcf7-form-control-wrap\" data-name=\"lastname\"><input size=\"40\" maxlength=\"400\" class=\"wpcf7-form-control wpcf7-text\" aria-invalid=\"false\" value=\"\" type=\"text\" name=\"lastname\" \/><\/span><span id=\"wpcf7-69d7748cc01bb-wrapper\" class=\"wpcf7-form-control-wrap first-name-wrap\" style=\"display:none !important; visibility:hidden !important;\"><label for=\"wpcf7-69d7748cc01bb-field\" class=\"hp-message\">Please leave this field empty.<\/label><input id=\"wpcf7-69d7748cc01bb-field\"  class=\"wpcf7-form-control wpcf7-text\" type=\"text\" name=\"first-name\" value=\"\" size=\"40\" tabindex=\"-1\" autocomplete=\"new-password\" \/><\/span><span id=\"wpcf7-69d7748cc01f6-wrapper\" class=\"wpcf7-form-control-wrap last-name-wrap\" style=\"display:none !important; visibility:hidden !important;\"><label for=\"wpcf7-69d7748cc01f6-field\" class=\"hp-message\">Please leave this field empty.<\/label><input id=\"wpcf7-69d7748cc01f6-field\"  class=\"wpcf7-form-control wpcf7-text\" type=\"text\" name=\"last-name\" value=\"\" size=\"40\" tabindex=\"-1\" autocomplete=\"new-password\" \/><\/span>\n<\/p>\n<p>E-mail address*<br \/>\n<span class=\"wpcf7-form-control-wrap\" data-name=\"email\"><input size=\"40\" maxlength=\"400\" class=\"wpcf7-form-control wpcf7-email wpcf7-validates-as-required wpcf7-text wpcf7-validates-as-email\" aria-required=\"true\" aria-invalid=\"false\" value=\"\" type=\"email\" name=\"email\" \/><\/span>\n<\/p>\n<p>Phone<br \/>\n<span class=\"wpcf7-form-control-wrap\" data-name=\"phone\"><input size=\"40\" maxlength=\"400\" class=\"wpcf7-form-control wpcf7-tel wpcf7-text wpcf7-validates-as-tel\" aria-invalid=\"false\" value=\"\" type=\"tel\" name=\"phone\" \/><\/span>\n<\/p>\n<p>Subject*<br \/>\n<span class=\"wpcf7-form-control-wrap\" data-name=\"subject\"><input size=\"40\" maxlength=\"400\" class=\"wpcf7-form-control wpcf7-text wpcf7-validates-as-required\" aria-required=\"true\" aria-invalid=\"false\" value=\"\" type=\"text\" name=\"subject\" \/><\/span>\n<\/p>\n<p>Message<br \/>\n<span class=\"wpcf7-form-control-wrap\" data-name=\"message\"><textarea cols=\"40\" rows=\"10\" maxlength=\"2000\" class=\"wpcf7-form-control wpcf7-textarea\" aria-invalid=\"false\" name=\"message\"><\/textarea><\/span>\n<\/p>\n<p><input class=\"wpcf7-form-control wpcf7-submit has-spinner\" type=\"submit\" value=\"Send\" \/>\n<\/p><div class=\"wpcf7-response-output\" aria-hidden=\"true\"><\/div>\n<\/form>\n<\/div>\n<\/div>\n<\/div>\n\n\n\n<script src=\"https:\/\/cafe-kreuzzwerg.de\/wp-includes\/js\/jquery\/jquery.min.js\"><\/script>\n<script>\nvar acc = document.getElementsByClassName(\"accordion\");\nvar i;\nfor (i = 0; i < acc.length; i++) {\n  acc[i].addEventListener(\"click\", function() {\n\n    this.classList.toggle(\"active\");\n    var panel = this.nextElementSibling;\n    if (panel.style.maxHeight){\n      panel.style.maxHeight = null;\n    } else {\n      panel.style.maxHeight = panel.scrollHeight + \"px\";\n    }\n  });\n}\n<\/script>\n","protected":false},"excerpt":{"rendered":"<p>Frequently Asked Questions What are your opening hours? We also rent out the children&#8217;s caf\u00e9 to private parties. Therefore, it can unfortunately happen that we are closed from time to time. You can always find our current opening hours here on the homepage or in the description on Google. Thank you very much for your [&hellip;]<\/p>\n","protected":false},"author":1,"featured_media":0,"parent":0,"menu_order":0,"comment_status":"closed","ping_status":"closed","template":"","meta":{"_acf_changed":false,"footnotes":""},"class_list":["post-1160","page","type-page","status-publish","hentry"],"acf":[],"_links":{"self":[{"href":"https:\/\/cafe-kreuzzwerg.de\/en\/wp-json\/wp\/v2\/pages\/1160","targetHints":{"allow":["GET"]}}],"collection":[{"href":"https:\/\/cafe-kreuzzwerg.de\/en\/wp-json\/wp\/v2\/pages"}],"about":[{"href":"https:\/\/cafe-kreuzzwerg.de\/en\/wp-json\/wp\/v2\/types\/page"}],"author":[{"embeddable":true,"href":"https:\/\/cafe-kreuzzwerg.de\/en\/wp-json\/wp\/v2\/users\/1"}],"replies":[{"embeddable":true,"href":"https:\/\/cafe-kreuzzwerg.de\/en\/wp-json\/wp\/v2\/comments?post=1160"}],"version-history":[{"count":4,"href":"https:\/\/cafe-kreuzzwerg.de\/en\/wp-json\/wp\/v2\/pages\/1160\/revisions"}],"predecessor-version":[{"id":1485,"href":"https:\/\/cafe-kreuzzwerg.de\/en\/wp-json\/wp\/v2\/pages\/1160\/revisions\/1485"}],"wp:attachment":[{"href":"https:\/\/cafe-kreuzzwerg.de\/en\/wp-json\/wp\/v2\/media?parent=1160"}],"curies":[{"name":"wp","href":"https:\/\/api.w.org\/{rel}","templated":true}]}}